{"id":199,"date":"2020-11-18T19:02:46","date_gmt":"2020-11-18T19:02:46","guid":{"rendered":"https:\/\/www.mamadele.com\/new\/?post_type=product&#038;p=199"},"modified":"2024-08-06T03:14:56","modified_gmt":"2024-08-06T03:14:56","slug":"back-to-bahia","status":"publish","type":"product","link":"https:\/\/www.mamadele.com\/new\/product\/back-to-bahia\/","title":{"rendered":"Back to Bahia"},"content":{"rendered":"<div class=\"tralbumData tralbum-about\">Dend\u00ea &amp; Band will be releasing their second album, Back to Bahia in March 2013 with performance dates on both the East and West Coasts in March 2013. Combining Brazil\u2019s rhythm heavy music with the grooves of afrobeat, reggae, merengue, and others from around the world Back to Bahia draws upon the energy in Bahia to reinfuse Dend\u00ea\u2019s music with that unmistakable Bahian sound. In January 2012, Dend\u00ea returned to Bahia to record and perform with his own band for the first time since partially relocating to New York in 2001. Taking advantage of being in Bahia for the recording, the album showcases the band\u2019s sizzling showmanship and versatility while including a host of friends who make special appearances such as Il\u00ea Aiy\u00ea, Melvin Gibbs, Graham Haynes, Vinicius Cantu\u00e1ria, Magary Lord, Luizinho do Gege (Daniela Mercury) and Gerson Silva &amp; Mikael Mutti (Carlinhos Brown) among many others.<\/p>\n<p>Dend\u00ea is a percussionist, singer, composer, bandleader, teacher, and multi-instrumentalist. He\u2019s been a professional musician since the age of 14, when he appeared in the frontline of Timbalada, Carlinhos Brown\u2019s superstar percussion ensemble. Since 2001, he\u2019s been splitting his time between New York and Bahia, and has played with Mongo Santamaria, Giovanni Hidalgo, Zakir Hussain<span class=\"bcTruncateMore\">, David Byrne, Melvin Gibbs and Vinicius Cantu\u00e1ria. His own bands include the folkloric music and dance troupe Ologund\u00ea, the acoustic Samba de Tr\u00eas, and Arrast\u00e3o do Dend\u00ea, a traditional Afro bloco (samba party band), but it\u2019s as leader and principal songwriter of his flagship band that Dend\u00ea has made his greatest impact.<\/p>\n<p>The band has been packing clubs and festivals throughout the US and internationally over the past few years most notably at the Atrium at Lincoln Center, the Millennium Stage at the Kennedy Center, Roulette through the World Music Institute; the Lake Eden Arts Festival in North Carolina, the Kalalu Festival in Saint Lucia, Joe\u2019s Pub, World Caf\u00e9 Live and Johnny D\u2019s in Boston.<\/p>\n<p>Dend\u00ea (Den-DAY) was born and raised in Salvador, a city in Bahia, Brazil\u2019s most African state. \u201cI grew up in a poor neighborhood, surrounded by traditional music. When I was a kid I would play rhythms on the kitchen table and tell my mom I was going to be famous someday. I used to hold the drums for the older timbal players at the sambas de roda and after they\u2019d finished playing, they\u2019d let me play and show me the different rhythms.\u201d Dend\u00ea also soaked up the rhythms he heard at the candombl\u00e9 ceremonies he would go to in his neighborhood.<\/p>\n<p>At 14, Dend\u00ea auditioned for Timbalada, the two hundred-piece percussion troupe founded by superstar Carlinhos Brown. He started in the last line and worked his way up to the front. One day Brown noticed Dend\u00ea; he was impressed with his powerful technique and made him a featured performer in the Timbalada show band. Over his eight years in the band, Dend\u00ea toured internationally with Timbalada and recorded many of their albums. He was also given the opportunity to perform and record with some of the superstars in Brazilian music like Carlinhos Brown, Marisa Monte, Caetano Veloso and Gilberto Gil among many others.<\/p>\n<p>When Timbalada trimmed down to a smaller unit, Dend\u00ea got cut, so he tried his hand at teaching. One of his students changed his life. \u201cThis guy from Rio named Flavio asked me to give him lessons,\u201d Dend\u00ea recalls. \u201cWe clicked and after five days of knowing me he asked me if I\u2019d think about moving to New York.\u201d A few months later, a ticket to New York came in the mail. \u201cFlavio played in the subway to make enough money to buy me that ticket. When I got to New York, I played in the subway with him and slept on his couch.\u201d<\/p>\n<p>Splitting his time between Bahia and New York has also infused his music with an unmistakable international flavor. Being exposed to musicians from all over the world has taught him rhythms that he never could of dreamed of in Brazil. &#8220;New York has given me opportunities that I would never have at home, but I\u2019m glad that I can always go Back to Bahia.&#8221;<\/span><\/div>\n<h3 class=\"credits-label\">credits<\/h3>\n<div class=\"tralbumData tralbum-credits\">released March 2, 2013<\/p>\n<p>Cr\u00e9ditos:<br \/>\nTodas as faixas gravados pelos seguintes musicos sin\u00e3o especificado em baixo: Dend\u00ea: voz l\u00edder; Bruno Michel: guitarra; Hank Schroy: baixo; Marcus Gaspar: teclado; Vandinho Carvalho: bateria;<\/p>\n<p>Pneu Baixo: Marivaldo dos Santos: timbal; George Neg\u00e3o: 3 surdos; Dend\u00ea: bacurinha and timbal; Kinho Santos: timbal Pop\u00f3, Paulinha, Magda, Soneca, David Cordeiro, Grace Zinnel, Leslie Macedo: back vocais; Panelas: Ivanzinho; Livio Almeida: flauta;<\/p>\n<p>Liga Desliga: Melvin Gibbs: baixo; Meia Noite: congas; Gerson Silva: guitarras; Dend\u00ea: surdo virado and timbal; Livio Almeida: sax; Adam O&#8217;Farrill: trompete; Robert Stringer: trombone; Magary Lord: vocais;<\/p>\n<p>Mamiko: George Neg\u00e3o: 3 surdos; Dend\u00ea: cowbell, congas, guiro and jamblock; Livio Almeida: sax;<\/p>\n<p>Lagazum: Davi Vieira: zabumba, triangle, recorecoshake and jamblock; Firmo do Acordeon: accordion; Livio Almeida: flauta;<\/p>\n<p>Logun Ed\u00e9: Luizinho do G\u00eage: rumpi and effects; Kain\u00e3 do G\u00eage: rum and surdo virado; Leslie and Dend\u00ea: surdo virado; Bira and Yasmin Reis: efeitos; M\u00e3e India do G\u00eage, Bete Bogum, Dend\u00ea and Leslie Macedo: back vocais; Silvain Leroux: fula flauta;<\/p>\n<p>Como Come\u00e7ou: Gerson Silva: guitarras; Dend\u00ea: caxambu, atabaque, xequere, jamblock, ag\u00f4g\u00f4<\/p>\n<p>V\u00f4v\u00f4 Laura: David Cordeiro: guitarra, Marivaldo dos Santos: timbal e cowbell; Dend\u00ea: timbal, surdo e bacurinha; George Neg\u00e3o: 3 surdos; Livio Almeida: sax; Adam O&#8217;Farrill: trompete; Robert Stringer: trombone;<\/p>\n<p>Sete Espadas: Mestre Mario Paim, Patinho Ax\u00e9, Vinicius Mioca (Il\u00ea Aiy\u00ea and Tambores do Mundo) and Anderson do Samba Sousa (Tambor de Corda): in order 3 surdos repique, timbal, caixa, all: back vocais and palmas; Livio Almeida: flauta; David Cordeiro: guitarra; Dend\u00ea: fac\u00e3o<\/p>\n<p>Dois Caro\u00e7os: Magary Lord: vocais; Johnson do Cavaco: cavaquinho; George Neg\u00e3o: surdo; Dend\u00ea: congas, tamborims, bacurinhas, timbais, pandeiro; Livio Almeida: sax; Adam O&#8217;Farrill: trompete; Robert Stringer: trombone; Mikael Mutti: keyboards;<\/p>\n<p>Cubanos Postizos: Vinicius Cantu\u00e1ria: lead vocais and guitarra; Graham Haynes: coronete; Dend\u00ea: bongo, congas, timbales, timbal, cowbell, guiro;<\/p>\n<p>Cafezinho: Silvain Leroux: fula flauta; David Cordeiro: guitarra; Kinho Santos: sabar, talking drums and djembe; Dend\u00ea: talking drum, xequere, cowbell;<\/p>\n<p>Esse Samba: Tony Mola: pau de chuva, tamborims, repique; Johnson do Cavaco: cavaquinho; Kinho Santos: cuica; George Neg\u00e3o: surdo; Dend\u00ea: alfaias, caixa, ag\u00f4g\u00f4, pandeiro; Livio Almeida: sax;<br \/>\nTrack Bonus: Dend\u00ea: tudo (todos instrumentos reciclaveis feito por ele)<\/p>\n<p>Gravado, mixado e masterizado por Fausto Meu Nobre e assistente do est\u00fadio Felipe Sabugo Cruz na WR Studios (Salvador, Bahia, Brazil) grava\u00e7\u00e3o, edi\u00e7\u00e3o e mixagem adicional feito no Dend\u00eazeiros Studio por Dend\u00ea (Brooklyn, NY).<\/p>\n<p>Produ\u00e7\u00e3o &amp; \u00a9: Mamad\u00eal\u00ea Productions \u00a7\u00a0<a href=\"http:\/\/www.mamadele.com\/\" rel=\"nofollow ugc\">www.mamadele.com<\/a>\u00a0\u00a7 718-438-6554<\/p>\n<p>Arte por Dend\u00ea \u00a7 Design por Leslie Mac\u00eado<\/p><\/div>\n","protected":false},"excerpt":{"rendered":"<p>Dend\u00ea &amp; Band will be releasing their second album, Back to Bahia in March 2013 with performance dates on both the East and West Coasts in March 2013. Combining Brazil\u2019s rhythm heavy music with the grooves of afrobeat, reggae, merengue, and others from around the world Back to Bahia draws upon the energy in Bahia to reinfuse Dend\u00ea\u2019s music with that unmistakable Bahian sound. In January 2012, Dend\u00ea returned to Bahia to record and perform with his own band for the first time since partially relocating to New York in 2001. Taking advantage of being in Bahia for the recording, the album showcases the band\u2019s sizzling showmanship and versatility while including a host of friends who make special appearances such as Il\u00ea Aiy\u00ea, Melvin Gibbs, Graham Haynes, Vinicius Cantu\u00e1ria, Magary Lord, Luizinho do Gege (Daniela Mercury) and Gerson Silva &amp; Mikael Mutti (Carlinhos Brown) among many others.<\/p>\n","protected":false},"featured_media":200,"comment_status":"open","ping_status":"closed","template":"","meta":[],"product_brand":[],"product_cat":[41,19],"product_tag":[],"class_list":{"0":"post-199","1":"product","2":"type-product","3":"status-publish","4":"has-post-thumbnail","6":"product_cat-cds","7":"product_cat-dende-band","9":"first","10":"instock","11":"taxable","12":"shipping-taxable","13":"product-type-external"},"jetpack_sharing_enabled":true,"_links":{"self":[{"href":"https:\/\/www.mamadele.com\/new\/wp-json\/wp\/v2\/product\/199","targetHints":{"allow":["GET"]}}],"collection":[{"href":"https:\/\/www.mamadele.com\/new\/wp-json\/wp\/v2\/product"}],"about":[{"href":"https:\/\/www.mamadele.com\/new\/wp-json\/wp\/v2\/types\/product"}],"replies":[{"embeddable":true,"href":"https:\/\/www.mamadele.com\/new\/wp-json\/wp\/v2\/comments?post=199"}],"version-history":[{"count":0,"href":"https:\/\/www.mamadele.com\/new\/wp-json\/wp\/v2\/product\/199\/revisions"}],"wp:featuredmedia":[{"embeddable":true,"href":"https:\/\/www.mamadele.com\/new\/wp-json\/wp\/v2\/media\/200"}],"wp:attachment":[{"href":"https:\/\/www.mamadele.com\/new\/wp-json\/wp\/v2\/media?parent=199"}],"wp:term":[{"taxonomy":"product_brand","embeddable":true,"href":"https:\/\/www.mamadele.com\/new\/wp-json\/wp\/v2\/product_brand?post=199"},{"taxonomy":"product_cat","embeddable":true,"href":"https:\/\/www.mamadele.com\/new\/wp-json\/wp\/v2\/product_cat?post=199"},{"taxonomy":"product_tag","embeddable":true,"href":"https:\/\/www.mamadele.com\/new\/wp-json\/wp\/v2\/product_tag?post=199"}],"curies":[{"name":"wp","href":"https:\/\/api.w.org\/{rel}","templated":true}]}}