{"id":80,"date":"2020-11-18T16:00:11","date_gmt":"2020-11-18T16:00:11","guid":{"rendered":"https:\/\/www.mamadele.com\/new\/?page_id=80"},"modified":"2023-10-10T17:41:34","modified_gmt":"2023-10-10T17:41:34","slug":"education","status":"publish","type":"page","link":"https:\/\/www.mamadele.com\/new\/education\/","title":{"rendered":"Education"},"content":{"rendered":"\n<div class=\"wp-block-jetpack-slideshow aligncenter\" data-effect=\"slide\"><div class=\"wp-block-jetpack-slideshow_container swiper-container\"><ul class=\"wp-block-jetpack-slideshow_swiper-wrapper swiper-wrapper\"><li class=\"wp-block-jetpack-slideshow_slide swiper-slide\"><figure><img fetchpriority=\"high\" decoding=\"async\" width=\"748\" height=\"499\" alt=\"\" class=\"wp-block-jetpack-slideshow_image wp-image-195\" data-id=\"195\" src=\"https:\/\/www.mamadele.com\/new\/wp-content\/uploads\/2020\/11\/MG_6413.jpg\" srcset=\"https:\/\/www.mamadele.com\/new\/wp-content\/uploads\/2020\/11\/MG_6413.jpg 748w, https:\/\/www.mamadele.com\/new\/wp-content\/uploads\/2020\/11\/MG_6413-600x400.jpg 600w, https:\/\/www.mamadele.com\/new\/wp-content\/uploads\/2020\/11\/MG_6413-300x200.jpg 300w\" sizes=\"(max-width: 748px) 100vw, 748px\" \/><\/figure><\/li><li class=\"wp-block-jetpack-slideshow_slide swiper-slide\"><figure><img decoding=\"async\" width=\"748\" height=\"499\" alt=\"\" class=\"wp-block-jetpack-slideshow_image wp-image-194\" data-id=\"194\" src=\"https:\/\/www.mamadele.com\/new\/wp-content\/uploads\/2020\/11\/MG_6476.jpg\" srcset=\"https:\/\/www.mamadele.com\/new\/wp-content\/uploads\/2020\/11\/MG_6476.jpg 748w, https:\/\/www.mamadele.com\/new\/wp-content\/uploads\/2020\/11\/MG_6476-600x400.jpg 600w, https:\/\/www.mamadele.com\/new\/wp-content\/uploads\/2020\/11\/MG_6476-300x200.jpg 300w\" sizes=\"(max-width: 748px) 100vw, 748px\" \/><\/figure><\/li><li class=\"wp-block-jetpack-slideshow_slide swiper-slide\"><figure><img decoding=\"async\" width=\"1024\" height=\"481\" alt=\"\" class=\"wp-block-jetpack-slideshow_image wp-image-193\" data-id=\"193\" src=\"https:\/\/www.mamadele.com\/new\/wp-content\/uploads\/2020\/11\/20150925_220237_HDR-1024x481.jpg\" srcset=\"https:\/\/www.mamadele.com\/new\/wp-content\/uploads\/2020\/11\/20150925_220237_HDR-1024x481.jpg 1024w, https:\/\/www.mamadele.com\/new\/wp-content\/uploads\/2020\/11\/20150925_220237_HDR-scaled-800x376.jpg 800w, https:\/\/www.mamadele.com\/new\/wp-content\/uploads\/2020\/11\/20150925_220237_HDR-300x141.jpg 300w, https:\/\/www.mamadele.com\/new\/wp-content\/uploads\/2020\/11\/20150925_220237_HDR-768x361.jpg 768w, https:\/\/www.mamadele.com\/new\/wp-content\/uploads\/2020\/11\/20150925_220237_HDR-1536x722.jpg 1536w, https:\/\/www.mamadele.com\/new\/wp-content\/uploads\/2020\/11\/20150925_220237_HDR-2048x962.jpg 2048w\" sizes=\"(max-width: 1024px) 100vw, 1024px\" \/><\/figure><\/li><li class=\"wp-block-jetpack-slideshow_slide swiper-slide\"><figure><img loading=\"lazy\" decoding=\"async\" width=\"1024\" height=\"359\" alt=\"\" class=\"wp-block-jetpack-slideshow_image wp-image-192\" data-id=\"192\" src=\"https:\/\/www.mamadele.com\/new\/wp-content\/uploads\/2020\/11\/20150926_115033-1-1024x359.jpg\" srcset=\"https:\/\/www.mamadele.com\/new\/wp-content\/uploads\/2020\/11\/20150926_115033-1-1024x359.jpg 1024w, https:\/\/www.mamadele.com\/new\/wp-content\/uploads\/2020\/11\/20150926_115033-1-scaled-800x280.jpg 800w, https:\/\/www.mamadele.com\/new\/wp-content\/uploads\/2020\/11\/20150926_115033-1-300x105.jpg 300w, https:\/\/www.mamadele.com\/new\/wp-content\/uploads\/2020\/11\/20150926_115033-1-768x269.jpg 768w, https:\/\/www.mamadele.com\/new\/wp-content\/uploads\/2020\/11\/20150926_115033-1-1536x538.jpg 1536w, https:\/\/www.mamadele.com\/new\/wp-content\/uploads\/2020\/11\/20150926_115033-1-2048x718.jpg 2048w\" sizes=\"(max-width: 1024px) 100vw, 1024px\" \/><\/figure><\/li><li class=\"wp-block-jetpack-slideshow_slide swiper-slide\"><figure><img loading=\"lazy\" decoding=\"async\" width=\"1024\" height=\"768\" alt=\"\" class=\"wp-block-jetpack-slideshow_image wp-image-191\" data-id=\"191\" src=\"https:\/\/www.mamadele.com\/new\/wp-content\/uploads\/2020\/11\/20190411_135653_censored-1024x768.jpg\" srcset=\"https:\/\/www.mamadele.com\/new\/wp-content\/uploads\/2020\/11\/20190411_135653_censored-1024x768.jpg 1024w, https:\/\/www.mamadele.com\/new\/wp-content\/uploads\/2020\/11\/20190411_135653_censored-800x600.jpg 800w, https:\/\/www.mamadele.com\/new\/wp-content\/uploads\/2020\/11\/20190411_135653_censored-300x225.jpg 300w, https:\/\/www.mamadele.com\/new\/wp-content\/uploads\/2020\/11\/20190411_135653_censored-768x576.jpg 768w, https:\/\/www.mamadele.com\/new\/wp-content\/uploads\/2020\/11\/20190411_135653_censored-1536x1152.jpg 1536w, https:\/\/www.mamadele.com\/new\/wp-content\/uploads\/2020\/11\/20190411_135653_censored.jpg 2048w\" sizes=\"(max-width: 1024px) 100vw, 1024px\" \/><\/figure><\/li><li class=\"wp-block-jetpack-slideshow_slide swiper-slide\"><figure><img loading=\"lazy\" decoding=\"async\" width=\"1024\" height=\"576\" alt=\"\" class=\"wp-block-jetpack-slideshow_image wp-image-397\" data-id=\"397\" src=\"https:\/\/www.mamadele.com\/new\/wp-content\/uploads\/2020\/12\/maxresdefault-1-1024x576.jpg\" srcset=\"https:\/\/www.mamadele.com\/new\/wp-content\/uploads\/2020\/12\/maxresdefault-1-1024x576.jpg 1024w, https:\/\/www.mamadele.com\/new\/wp-content\/uploads\/2020\/12\/maxresdefault-1-300x169.jpg 300w, https:\/\/www.mamadele.com\/new\/wp-content\/uploads\/2020\/12\/maxresdefault-1-768x432.jpg 768w, https:\/\/www.mamadele.com\/new\/wp-content\/uploads\/2020\/12\/maxresdefault-1-750x422.jpg 750w, https:\/\/www.mamadele.com\/new\/wp-content\/uploads\/2020\/12\/maxresdefault-1-800x450.jpg 800w, https:\/\/www.mamadele.com\/new\/wp-content\/uploads\/2020\/12\/maxresdefault-1.jpg 1280w\" sizes=\"(max-width: 1024px) 100vw, 1024px\" \/><\/figure><\/li><\/ul><a class=\"wp-block-jetpack-slideshow_button-prev swiper-button-prev swiper-button-white\" role=\"button\"><\/a><a class=\"wp-block-jetpack-slideshow_button-next swiper-button-next swiper-button-white\" role=\"button\"><\/a><a aria-label=\"Pause Slideshow\" class=\"wp-block-jetpack-slideshow_button-pause\" role=\"button\"><\/a><div class=\"wp-block-jetpack-slideshow_pagination swiper-pagination swiper-pagination-white\"><\/div><\/div><\/div>\n\n\n\n<p>Mamad\u00eal\u00ea Foundation offers a comprehensive arts-in-education program that includes residency<em>,&nbsp;<\/em>lecture-demonstrations, workshops and family programs. These are comprised of Afro-Brazilian percussion, dance and martial arts programs that weave geography, social studies, history and religion into the curriculum.<\/p>\n\n\n\n<p>Since its inception, Mamad\u00eal\u00ea has offered arts-in-education programs on the music, dance and martial arts of Brazil throughout the United States. The arts education services that we provide are tailored to the unique needs of each school and the needs of specific student populations. Our programs serve early childhood (Pre-K through 2nd grade), elementary, middle and high schools students as well as college and general audiences.<\/p>\n\n\n\n<p><strong>Afro-Brazilian Percussion<\/strong><br>Students will learn a wide range of rhythms which include traditional Afro-Brazilian rhythms and popular rhythms from Afro-Brazilian percussion groups such as Timbalada, Olodum and Ile Aiye.<\/p>\n\n\n\n<p><strong>Afro-Brazilian Dance<\/strong><br>Students will learn a range of dances including samba, orixa dances, macul\u00eal\u00ea and capoeira<\/p>\n\n\n\n<p><strong>Capoeira<\/strong><br>Students will learn the basics of this dynamic Afro-Brazilian martial art.<\/p>\n\n\n\n<p>Workshops are available from one-time workshops to semester-long residencies.<\/p>\n\n\n\n<p>Residencies taught by&nbsp;Mamad\u00eal\u00ea Foundation Artistic Director and master&nbsp;Afro-Brazilian percussionist Dend\u00ea Mac\u00eado are currently&nbsp;in four public schools in Philadelphia: Woodrow Wilson Middle School, Lincoln High School, Farrell Elementary and Carnell Elementary!<\/p>\n\n\n<div data-block-name=\"woocommerce\/product-category\" data-categories=\"[43]\" class=\"wc-block-grid wp-block-product-category wp-block-woocommerce-product-category wc-block-product-category has-3-columns has-multiple-rows\"><ul class=\"wc-block-grid__products\"><li class=\"wc-block-grid__product\">\n\t\t\t\t<a href=\"https:\/\/www.mamadele.com\/new\/product\/afro-brazilian-percussion-classes-with-dende\/\" class=\"wc-block-grid__product-link\">\n\t\t\t\t\t\n\t\t\t\t\t<div class=\"wc-block-grid__product-image\"><img loading=\"lazy\" decoding=\"async\" width=\"300\" height=\"300\" src=\"https:\/\/www.mamadele.com\/new\/wp-content\/uploads\/2021\/05\/11337077_692660587528690_3688876890180565263_o-300x300.jpg\" class=\"attachment-woocommerce_thumbnail size-woocommerce_thumbnail\" alt=\"Afro-Brazilian Percussion Classes with Dend\u00ea\" srcset=\"https:\/\/www.mamadele.com\/new\/wp-content\/uploads\/2021\/05\/11337077_692660587528690_3688876890180565263_o-300x300.jpg 300w, https:\/\/www.mamadele.com\/new\/wp-content\/uploads\/2021\/05\/11337077_692660587528690_3688876890180565263_o-150x150.jpg 150w, https:\/\/www.mamadele.com\/new\/wp-content\/uploads\/2021\/05\/11337077_692660587528690_3688876890180565263_o-400x400.jpg 400w, https:\/\/www.mamadele.com\/new\/wp-content\/uploads\/2021\/05\/11337077_692660587528690_3688876890180565263_o-100x100.jpg 100w\" sizes=\"(max-width: 300px) 100vw, 300px\" \/><\/div>\n\t\t\t\t\t<div class=\"wc-block-grid__product-title\">Afro-Brazilian Percussion Classes with Dend\u00ea<\/div>\n\t\t\t\t<\/a>\n\t\t\t\t<div class=\"wc-block-grid__product-price price\"><span class=\"woocommerce-Price-amount amount\"><span class=\"woocommerce-Price-currencySymbol\">&#036;<\/span>200.00<\/span><\/div>\n\t\t\t\t\n\t\t\t\t<div class=\"wp-block-button wc-block-grid__product-add-to-cart\"><a href=\"\/new\/wp-json\/wp\/v2\/pages\/80?add-to-cart=511\" aria-label=\"Add to cart: &ldquo;Afro-Brazilian Percussion Classes with Dend\u00ea&rdquo;\" data-quantity=\"1\" data-product_id=\"511\" data-product_sku=\"\" data-price=\"200\" rel=\"nofollow\" class=\"wp-block-button__link  add_to_cart_button ajax_add_to_cart\">Add to cart<\/a><\/div>\n\t\t\t<\/li><\/ul><\/div>","protected":false},"excerpt":{"rendered":"<p>Mamad\u00eal\u00ea Foundation offers a comprehensive arts-in-education program that includes residency,&nbsp;lecture-demonstrations, workshops and family programs. These are comprised of Afro-Brazilian percussion, dance and martial arts programs that weave geography, social studies, history and religion into the curriculum. Since its inception, Mamad\u00eal\u00ea has offered arts-in-education programs on the music, dance and martial arts of Brazil throughout the&nbsp;<a class=\"read-more\" href=\"https:\/\/www.mamadele.com\/new\/education\/\">Continue reading<\/a><\/p>\n","protected":false},"author":1,"featured_media":0,"parent":0,"menu_order":0,"comment_status":"closed","ping_status":"closed","template":"","meta":{"footnotes":""},"class_list":["post-80","page","type-page","status-publish"],"jetpack_sharing_enabled":true,"_links":{"self":[{"href":"https:\/\/www.mamadele.com\/new\/wp-json\/wp\/v2\/pages\/80","targetHints":{"allow":["GET"]}}],"collection":[{"href":"https:\/\/www.mamadele.com\/new\/wp-json\/wp\/v2\/pages"}],"about":[{"href":"https:\/\/www.mamadele.com\/new\/wp-json\/wp\/v2\/types\/page"}],"author":[{"embeddable":true,"href":"https:\/\/www.mamadele.com\/new\/wp-json\/wp\/v2\/users\/1"}],"replies":[{"embeddable":true,"href":"https:\/\/www.mamadele.com\/new\/wp-json\/wp\/v2\/comments?post=80"}],"version-history":[{"count":7,"href":"https:\/\/www.mamadele.com\/new\/wp-json\/wp\/v2\/pages\/80\/revisions"}],"predecessor-version":[{"id":790,"href":"https:\/\/www.mamadele.com\/new\/wp-json\/wp\/v2\/pages\/80\/revisions\/790"}],"wp:attachment":[{"href":"https:\/\/www.mamadele.com\/new\/wp-json\/wp\/v2\/media?parent=80"}],"curies":[{"name":"wp","href":"https:\/\/api.w.org\/{rel}","templated":true}]}}