{"id":146,"date":"2020-11-18T18:16:28","date_gmt":"2020-11-18T18:16:28","guid":{"rendered":"https:\/\/www.mamadele.com\/new\/homepage\/"},"modified":"2025-11-26T16:19:03","modified_gmt":"2025-11-26T16:19:03","slug":"homepage","status":"publish","type":"page","link":"https:\/\/www.mamadele.com\/new\/","title":{"rendered":""},"content":{"rendered":"\n<h1 class=\"wp-block-heading\">Our Mission<\/h1>\n\n\n\n<div class=\"wp-block-columns is-layout-flex wp-container-core-columns-is-layout-9d6595d7 wp-block-columns-is-layout-flex\">\n<div class=\"wp-block-column is-layout-flow wp-block-column-is-layout-flow\" style=\"flex-basis:100%\">\n<div class=\"wp-block-group\"><div class=\"wp-block-group__inner-container is-layout-flow wp-block-group-is-layout-flow\">\n<p>Mamad\u00eal\u00ea Foundation is an organization that produces performances, classes, and trips that celebrate  the arts and culture of Bahia, Brazil.&nbsp;Based in Philadelphia, we provide arts education programs throughout the tri-state area as well as performances around the globe.<\/p>\n\n\n\n<h1 class=\"wp-block-heading\">Latest News<\/h1>\n\n\n<!----- Events list Template 2.6.2.2 -----><div id=\"ect-events-list-content\"><div id=\"list-wrp\" class=\"ect-list-wrapper all\"><div id=\"event-1357\" class=\"ect-list-post style-1 ect-simple-event future\"><div class=\"ect-list-post-left \">\n\t\t\t\t<div class=\"ect-list-img\" style=\"background-image:url(&#039;https:\/\/www.mamadele.com\/new\/wp-content\/uploads\/2026\/05\/Screenshot_20260504_153830-1024x518.png&#039;);background-size:cover;\"><a href=\"https:\/\/www.mamadele.com\/new\/event\/dende-band-at-the-fallser-club\/\" alt=\"Dend\u00ea &#038; Band at the Fallser Club\" rel=\"bookmark\"><div class=\"ect-list-date\"><div class=\"ect-date-area default-schedule\"><span class=\"ev-day\">31<\/span>\n\t\t\t\t\t<span class=\"ev-mo\">May<\/span>\n\t\t\t\t\t<span class=\"ev-yr\">2026<\/span><\/div><\/div><\/a><\/div><\/div><!-- left-post close --><div class=\"ect-list-post-right\">\n\t\t\t\t<div class=\"ect-list-post-right-table\"><div class=\"ect-list-description\"><h2 class=\"ect-list-title\"><a class=\"ect-event-url\" href=\"https:\/\/www.mamadele.com\/new\/event\/dende-band-at-the-fallser-club\/\" rel=\"bookmark\">Dend\u00ea &#038; Band at the Fallser Club<\/a><\/h2><!-- Event Content --><div class=\"ect-event-content\"><p>Internationally acclaimed percussionist, composer, and bandleader Dend\u00ea Mac\u00eado brings his electrifying ensemble, Dend\u00ea &amp; Band, to the Fallser Club for their debut performance in the space on Saturday, May 31 at 7:00 PM. This highly anticipated concert serves as both a venue debut and a celebratory warm-up as global excitement builds toward the upcoming FIFA&nbsp;<a class=\"read-more\" href=\"https:\/\/www.mamadele.com\/new\/event\/dende-band-at-the-fallser-club\/\">Continue reading<\/a><\/p>\n<\/div><!-- Event Ticket Price Info -->\n                 <div class=\"ect-rate-area\">\n                 <span class=\"ect-icon\"><i class=\"ect-icon-ticket\"><\/i><\/span>\n                 <span class=\"ect-rate\">$20<\/span>\n                 <\/div><a href=\"https:\/\/www.mamadele.com\/new\/event\/dende-band-at-the-fallser-club\/\" class=\"ect-events-read-more\" rel=\"bookmark\">Find out more<\/a><\/div><div class=\"ect-list-venue default-venue\"><span class=\"ect-icon\"><i class=\"ect-icon-location\"><\/i><\/span><!-- Event Venue Info -->\n\t\t\t\t\t\t\t<span class=\"ect-venue-details ect-address\">\n\t\t\t\t\t\t\t<div>The Fallser Club,<span class=\"tribe-address\">\n\n<span class=\"tribe-street-address\">3721 Midvale Ave,<\/span>\n\t\n\t\t<br>\n\t\t<span class=\"tribe-locality\">Philadelphia<\/span><span class=\"tribe-delimiter\">,<\/span>\n\n\t<abbr class=\"tribe-region tribe-events-abbr\" title=\"Pennsylvania\">PA<\/abbr>\n\n\t<span class=\"tribe-postal-code\">19129<\/span>\n\n\t<span class=\"tribe-country-name\">United States<\/span>\n\n<\/span>\n<\/div><span class=\"ect-google\"><a class=\"tribe-events-gmap\" href=\"https:\/\/maps.google.com\/maps?f=q&#038;source=s_q&#038;hl=en&#038;geocode=&#038;q=3721+Midvale+Ave%2C+Philadelphia+PA+19129+United+States\" title=\"Click to view a Google Map\" target=\"_blank\" rel=\"noreferrer noopener\">+ Google Map<\/a><\/span><\/span><\/div><\/div><\/div><!-- right-wrapper close --><\/div><!-- event-loop-end --><\/div><\/div>\n\n\n\n\n<h1 class=\"wp-block-heading\">Performing Ensembles<\/h1>\n\n\n\n<div class=\"wp-block-columns is-layout-flex wp-container-core-columns-is-layout-9d6595d7 wp-block-columns-is-layout-flex\">\n<div class=\"wp-block-column is-layout-flow wp-block-column-is-layout-flow\">\n<div class=\"wp-block-cover wp-duotone-unset-1\"><img fetchpriority=\"high\" decoding=\"async\" width=\"266\" height=\"266\" class=\"wp-block-cover__image-background wp-image-1032\" alt=\"\" src=\"https:\/\/www.mamadele.com\/new\/wp-content\/uploads\/2024\/10\/DB_400x400.jpg\" data-object-fit=\"cover\" srcset=\"https:\/\/www.mamadele.com\/new\/wp-content\/uploads\/2024\/10\/DB_400x400.jpg 266w, https:\/\/www.mamadele.com\/new\/wp-content\/uploads\/2024\/10\/DB_400x400-150x150.jpg 150w, https:\/\/www.mamadele.com\/new\/wp-content\/uploads\/2024\/10\/DB_400x400-100x100.jpg 100w\" sizes=\"(max-width: 266px) 100vw, 266px\" \/><span aria-hidden=\"true\" class=\"wp-block-cover__background has-background-dim\"><\/span><div class=\"wp-block-cover__inner-container is-layout-flow wp-block-cover-is-layout-flow\">\n<p class=\"has-text-align-center has-large-font-size\"><a href=\"https:\/\/www.mamadele.com\/new\/artists\/dende-and-band\/\" data-type=\"page\" data-id=\"76\"><mark style=\"background-color:rgba(0, 0, 0, 0)\" class=\"has-inline-color has-white-color\"><strong>Dend\u00ea &amp; Band<\/strong><\/mark><\/a><\/p>\n<\/div><\/div>\n<\/div>\n\n\n\n<div class=\"wp-block-column is-layout-flow wp-block-column-is-layout-flow\">\n<div class=\"wp-block-cover\"><img decoding=\"async\" width=\"2560\" height=\"1706\" class=\"wp-block-cover__image-background wp-image-1033\" alt=\"\" src=\"https:\/\/www.mamadele.com\/new\/wp-content\/uploads\/2024\/10\/MW-Summer-Sounds-June-4-2024-0035-scaled.jpg\" data-object-fit=\"cover\" srcset=\"https:\/\/www.mamadele.com\/new\/wp-content\/uploads\/2024\/10\/MW-Summer-Sounds-June-4-2024-0035-scaled.jpg 2560w, https:\/\/www.mamadele.com\/new\/wp-content\/uploads\/2024\/10\/MW-Summer-Sounds-June-4-2024-0035-300x200.jpg 300w, https:\/\/www.mamadele.com\/new\/wp-content\/uploads\/2024\/10\/MW-Summer-Sounds-June-4-2024-0035-1024x683.jpg 1024w, https:\/\/www.mamadele.com\/new\/wp-content\/uploads\/2024\/10\/MW-Summer-Sounds-June-4-2024-0035-768x512.jpg 768w, https:\/\/www.mamadele.com\/new\/wp-content\/uploads\/2024\/10\/MW-Summer-Sounds-June-4-2024-0035-1536x1024.jpg 1536w, https:\/\/www.mamadele.com\/new\/wp-content\/uploads\/2024\/10\/MW-Summer-Sounds-June-4-2024-0035-2048x1365.jpg 2048w, https:\/\/www.mamadele.com\/new\/wp-content\/uploads\/2024\/10\/MW-Summer-Sounds-June-4-2024-0035-750x500.jpg 750w, https:\/\/www.mamadele.com\/new\/wp-content\/uploads\/2024\/10\/MW-Summer-Sounds-June-4-2024-0035-800x533.jpg 800w\" sizes=\"(max-width: 2560px) 100vw, 2560px\" \/><span aria-hidden=\"true\" class=\"wp-block-cover__background has-background-dim\" style=\"background-color:#7b7c8a\"><\/span><div class=\"wp-block-cover__inner-container is-layout-flow wp-block-cover-is-layout-flow\">\n<p class=\"has-text-align-center has-large-font-size\"><a href=\"https:\/\/www.mamadele.com\/new\/artists\/recycled-sounds\/\" data-type=\"page\" data-id=\"78\"><mark style=\"background-color:rgba(0, 0, 0, 0)\" class=\"has-inline-color has-white-color\"><strong>Recycled Sounds<\/strong><\/mark><\/a><\/p>\n<\/div><\/div>\n<\/div>\n\n\n\n<div class=\"wp-block-column is-layout-flow wp-block-column-is-layout-flow\">\n<div class=\"wp-block-cover\"><img decoding=\"async\" width=\"2048\" height=\"802\" class=\"wp-block-cover__image-background wp-image-19\" alt=\"\" src=\"https:\/\/www.mamadele.com\/new\/wp-content\/uploads\/2020\/11\/Arrastao-with-Cleonice-dancing.jpg\" data-object-fit=\"cover\" srcset=\"https:\/\/www.mamadele.com\/new\/wp-content\/uploads\/2020\/11\/Arrastao-with-Cleonice-dancing.jpg 2048w, https:\/\/www.mamadele.com\/new\/wp-content\/uploads\/2020\/11\/Arrastao-with-Cleonice-dancing-800x313.jpg 800w, https:\/\/www.mamadele.com\/new\/wp-content\/uploads\/2020\/11\/Arrastao-with-Cleonice-dancing-300x117.jpg 300w, https:\/\/www.mamadele.com\/new\/wp-content\/uploads\/2020\/11\/Arrastao-with-Cleonice-dancing-1024x401.jpg 1024w, https:\/\/www.mamadele.com\/new\/wp-content\/uploads\/2020\/11\/Arrastao-with-Cleonice-dancing-768x301.jpg 768w, https:\/\/www.mamadele.com\/new\/wp-content\/uploads\/2020\/11\/Arrastao-with-Cleonice-dancing-1536x602.jpg 1536w, https:\/\/www.mamadele.com\/new\/wp-content\/uploads\/2020\/11\/Arrastao-with-Cleonice-dancing-1200x470.jpg 1200w, https:\/\/www.mamadele.com\/new\/wp-content\/uploads\/2020\/11\/Arrastao-with-Cleonice-dancing-1980x775.jpg 1980w\" sizes=\"(max-width: 2048px) 100vw, 2048px\" \/><span aria-hidden=\"true\" class=\"wp-block-cover__background has-background-dim\" style=\"background-color:#6f656a\"><\/span><div class=\"wp-block-cover__inner-container is-layout-flow wp-block-cover-is-layout-flow\">\n<p class=\"has-text-align-center has-large-font-size\"><a href=\"https:\/\/www.mamadele.com\/new\/artists\/arrastao\/\" data-type=\"page\" data-id=\"79\"><mark style=\"background-color:rgba(0, 0, 0, 0)\" class=\"has-inline-color has-white-color\"><strong>Arrast\u00e3o do Dend\u00ea<\/strong><\/mark><\/a><\/p>\n<\/div><\/div>\n<\/div>\n<\/div>\n<\/div><\/div>\n<\/div>\n<\/div>\n\n\n\n<h1 class=\"wp-block-heading\">Educational Programs<\/h1>\n\n\n\n<div class=\"wp-block-columns is-layout-flex wp-container-core-columns-is-layout-9d6595d7 wp-block-columns-is-layout-flex\">\n<div class=\"wp-block-column is-layout-flow wp-block-column-is-layout-flow\">\n<div class=\"wp-block-cover wp-duotone-unset-2\"><img loading=\"lazy\" decoding=\"async\" width=\"768\" height=\"1024\" class=\"wp-block-cover__image-background wp-image-1035\" alt=\"\" src=\"https:\/\/www.mamadele.com\/new\/wp-content\/uploads\/2024\/10\/IMG_5147-768x1024.jpg\" data-object-fit=\"cover\" srcset=\"https:\/\/www.mamadele.com\/new\/wp-content\/uploads\/2024\/10\/IMG_5147-768x1024.jpg 768w, https:\/\/www.mamadele.com\/new\/wp-content\/uploads\/2024\/10\/IMG_5147-225x300.jpg 225w, https:\/\/www.mamadele.com\/new\/wp-content\/uploads\/2024\/10\/IMG_5147-1152x1536.jpg 1152w, https:\/\/www.mamadele.com\/new\/wp-content\/uploads\/2024\/10\/IMG_5147-1536x2048.jpg 1536w, https:\/\/www.mamadele.com\/new\/wp-content\/uploads\/2024\/10\/IMG_5147-750x1000.jpg 750w, https:\/\/www.mamadele.com\/new\/wp-content\/uploads\/2024\/10\/IMG_5147-800x1067.jpg 800w, https:\/\/www.mamadele.com\/new\/wp-content\/uploads\/2024\/10\/IMG_5147-scaled.jpg 1920w\" sizes=\"(max-width: 768px) 100vw, 768px\" \/><span aria-hidden=\"true\" class=\"wp-block-cover__background has-background-dim\"><\/span><div class=\"wp-block-cover__inner-container is-layout-flow wp-block-cover-is-layout-flow\">\n<p class=\"has-text-align-center has-large-font-size\"><a href=\"https:\/\/www.mamadele.com\/new\/education\/projeto-dende\/\" data-type=\"page\" data-id=\"592\"><mark style=\"background-color:rgba(0, 0, 0, 0)\" class=\"has-inline-color has-white-color\"><strong>Projeto Dend\u00ea<\/strong><\/mark><\/a><\/p>\n\n\n\n<p class=\"has-text-align-center\">youth education in Bahia<\/p>\n<\/div><\/div>\n<\/div>\n\n\n\n<div class=\"wp-block-column is-layout-flow wp-block-column-is-layout-flow\">\n<div class=\"wp-block-cover wp-duotone-unset-3\"><img loading=\"lazy\" decoding=\"async\" width=\"1024\" height=\"768\" class=\"wp-block-cover__image-background wp-image-707\" alt=\"\" src=\"https:\/\/www.mamadele.com\/new\/wp-content\/uploads\/2023\/01\/IMG-20220408-WA0026-2-1024x768.jpg\" data-object-fit=\"cover\" srcset=\"https:\/\/www.mamadele.com\/new\/wp-content\/uploads\/2023\/01\/IMG-20220408-WA0026-2-1024x768.jpg 1024w, https:\/\/www.mamadele.com\/new\/wp-content\/uploads\/2023\/01\/IMG-20220408-WA0026-2-300x225.jpg 300w, https:\/\/www.mamadele.com\/new\/wp-content\/uploads\/2023\/01\/IMG-20220408-WA0026-2-768x576.jpg 768w, https:\/\/www.mamadele.com\/new\/wp-content\/uploads\/2023\/01\/IMG-20220408-WA0026-2-1536x1152.jpg 1536w, https:\/\/www.mamadele.com\/new\/wp-content\/uploads\/2023\/01\/IMG-20220408-WA0026-2-750x563.jpg 750w, https:\/\/www.mamadele.com\/new\/wp-content\/uploads\/2023\/01\/IMG-20220408-WA0026-2-800x600.jpg 800w, https:\/\/www.mamadele.com\/new\/wp-content\/uploads\/2023\/01\/IMG-20220408-WA0026-2.jpg 1600w\" sizes=\"(max-width: 1024px) 100vw, 1024px\" \/><span aria-hidden=\"true\" class=\"wp-block-cover__background has-background-dim\"><\/span><div class=\"wp-block-cover__inner-container is-layout-flow wp-block-cover-is-layout-flow\">\n<p class=\"has-text-align-center has-large-font-size\"><a href=\"https:\/\/www.mamadele.com\/new\/education\/afro-brazilian-residency-programs\/\" data-type=\"page\" data-id=\"705\"><mark style=\"background-color:rgba(0, 0, 0, 0)\" class=\"has-inline-color has-white-color\"><strong>Axe <\/strong><br><strong>Puro<\/strong><\/mark><\/a><\/p>\n\n\n\n<p class=\"has-text-align-center\">youth education in Philadelphia<\/p>\n<\/div><\/div>\n<\/div>\n\n\n\n<div class=\"wp-block-column is-layout-flow wp-block-column-is-layout-flow\">\n<div class=\"wp-block-cover\"><img loading=\"lazy\" decoding=\"async\" width=\"1024\" height=\"681\" class=\"wp-block-cover__image-background wp-image-496\" alt=\"\" src=\"https:\/\/www.mamadele.com\/new\/wp-content\/uploads\/2021\/05\/11337077_692660587528690_3688876890180565263_o-1024x681.jpg\" data-object-fit=\"cover\" srcset=\"https:\/\/www.mamadele.com\/new\/wp-content\/uploads\/2021\/05\/11337077_692660587528690_3688876890180565263_o-1024x681.jpg 1024w, https:\/\/www.mamadele.com\/new\/wp-content\/uploads\/2021\/05\/11337077_692660587528690_3688876890180565263_o-300x199.jpg 300w, https:\/\/www.mamadele.com\/new\/wp-content\/uploads\/2021\/05\/11337077_692660587528690_3688876890180565263_o-768x510.jpg 768w, https:\/\/www.mamadele.com\/new\/wp-content\/uploads\/2021\/05\/11337077_692660587528690_3688876890180565263_o-1536x1021.jpg 1536w, https:\/\/www.mamadele.com\/new\/wp-content\/uploads\/2021\/05\/11337077_692660587528690_3688876890180565263_o-750x498.jpg 750w, https:\/\/www.mamadele.com\/new\/wp-content\/uploads\/2021\/05\/11337077_692660587528690_3688876890180565263_o-800x532.jpg 800w, https:\/\/www.mamadele.com\/new\/wp-content\/uploads\/2021\/05\/11337077_692660587528690_3688876890180565263_o.jpg 2048w\" sizes=\"(max-width: 1024px) 100vw, 1024px\" \/><span aria-hidden=\"true\" class=\"wp-block-cover__background has-background-dim\"><\/span><div class=\"wp-block-cover__inner-container is-layout-flow wp-block-cover-is-layout-flow\">\n<p class=\"has-text-align-center has-large-font-size\"><strong><a href=\"https:\/\/www.mamadele.com\/new\/education\/adult-percussion-classes\/\" data-type=\"page\" data-id=\"491\"><mark style=\"background-color:rgba(0, 0, 0, 0)\" class=\"has-inline-color has-white-color\">Adult community classes<\/mark><\/a><\/strong><\/p>\n<\/div><\/div>\n<\/div>\n<\/div>\n\n\n\n<h1 class=\"wp-block-heading has-text-align-center\">Ways to connect with Mamad\u00eal\u00ea<\/h1>\n\n\n\n<ul class=\"wp-block-social-links aligncenter is-layout-flex wp-block-social-links-is-layout-flex\"><li class=\"wp-social-link wp-social-link-wordpress  wp-block-social-link\"><a href=\"https:\/\/wordpress.org\" class=\"wp-block-social-link-anchor\"><svg width=\"24\" height=\"24\" viewBox=\"0 0 24 24\" version=\"1.1\" xmlns=\"http:\/\/www.w3.org\/2000\/svg\" aria-hidden=\"true\" focusable=\"false\"><path d=\"M12.158,12.786L9.46,20.625c0.806,0.237,1.657,0.366,2.54,0.366c1.047,0,2.051-0.181,2.986-0.51 c-0.024-0.038-0.046-0.079-0.065-0.124L12.158,12.786z M3.009,12c0,3.559,2.068,6.634,5.067,8.092L3.788,8.341 C3.289,9.459,3.009,10.696,3.009,12z M18.069,11.546c0-1.112-0.399-1.881-0.741-2.48c-0.456-0.741-0.883-1.368-0.883-2.109 c0-0.826,0.627-1.596,1.51-1.596c0.04,0,0.078,0.005,0.116,0.007C16.472,3.904,14.34,3.009,12,3.009 c-3.141,0-5.904,1.612-7.512,4.052c0.211,0.007,0.41,0.011,0.579,0.011c0.94,0,2.396-0.114,2.396-0.114 C7.947,6.93,8.004,7.642,7.52,7.699c0,0-0.487,0.057-1.029,0.085l3.274,9.739l1.968-5.901l-1.401-3.838 C9.848,7.756,9.389,7.699,9.389,7.699C8.904,7.67,8.961,6.93,9.446,6.958c0,0,1.484,0.114,2.368,0.114 c0.94,0,2.397-0.114,2.397-0.114c0.485-0.028,0.542,0.684,0.057,0.741c0,0-0.488,0.057-1.029,0.085l3.249,9.665l0.897-2.996 C17.841,13.284,18.069,12.316,18.069,11.546z M19.889,7.686c0.039,0.286,0.06,0.593,0.06,0.924c0,0.912-0.171,1.938-0.684,3.22 l-2.746,7.94c2.673-1.558,4.47-4.454,4.47-7.771C20.991,10.436,20.591,8.967,19.889,7.686z M12,22C6.486,22,2,17.514,2,12 C2,6.486,6.486,2,12,2c5.514,0,10,4.486,10,10C22,17.514,17.514,22,12,22z\"><\/path><\/svg><span class=\"wp-block-social-link-label screen-reader-text\">WordPress<\/span><\/a><\/li>\n\n<li class=\"wp-social-link wp-social-link-facebook  wp-block-social-link\"><a href=\"https:\/\/facebook.com\/mamadelefoundation\" class=\"wp-block-social-link-anchor\"><svg width=\"24\" height=\"24\" viewBox=\"0 0 24 24\" version=\"1.1\" xmlns=\"http:\/\/www.w3.org\/2000\/svg\" aria-hidden=\"true\" focusable=\"false\"><path d=\"M12 2C6.5 2 2 6.5 2 12c0 5 3.7 9.1 8.4 9.9v-7H7.9V12h2.5V9.8c0-2.5 1.5-3.9 3.8-3.9 1.1 0 2.2.2 2.2.2v2.5h-1.3c-1.2 0-1.6.8-1.6 1.6V12h2.8l-.4 2.9h-2.3v7C18.3 21.1 22 17 22 12c0-5.5-4.5-10-10-10z\"><\/path><\/svg><span class=\"wp-block-social-link-label screen-reader-text\">Facebook<\/span><\/a><\/li>\n\n<li class=\"wp-social-link wp-social-link-twitter  wp-block-social-link\"><a href=\"https:\/\/www,twitter.com\/mamadele\" class=\"wp-block-social-link-anchor\"><svg width=\"24\" height=\"24\" viewBox=\"0 0 24 24\" version=\"1.1\" xmlns=\"http:\/\/www.w3.org\/2000\/svg\" aria-hidden=\"true\" focusable=\"false\"><path d=\"M22.23,5.924c-0.736,0.326-1.527,0.547-2.357,0.646c0.847-0.508,1.498-1.312,1.804-2.27 c-0.793,0.47-1.671,0.812-2.606,0.996C18.324,4.498,17.257,4,16.077,4c-2.266,0-4.103,1.837-4.103,4.103 c0,0.322,0.036,0.635,0.106,0.935C8.67,8.867,5.647,7.234,3.623,4.751C3.27,5.357,3.067,6.062,3.067,6.814 c0,1.424,0.724,2.679,1.825,3.415c-0.673-0.021-1.305-0.206-1.859-0.513c0,0.017,0,0.034,0,0.052c0,1.988,1.414,3.647,3.292,4.023 c-0.344,0.094-0.707,0.144-1.081,0.144c-0.264,0-0.521-0.026-0.772-0.074c0.522,1.63,2.038,2.816,3.833,2.85 c-1.404,1.1-3.174,1.756-5.096,1.756c-0.331,0-0.658-0.019-0.979-0.057c1.816,1.164,3.973,1.843,6.29,1.843 c7.547,0,11.675-6.252,11.675-11.675c0-0.178-0.004-0.355-0.012-0.531C20.985,7.47,21.68,6.747,22.23,5.924z\"><\/path><\/svg><span class=\"wp-block-social-link-label screen-reader-text\">Twitter<\/span><\/a><\/li>\n\n<li class=\"wp-social-link wp-social-link-instagram  wp-block-social-link\"><a href=\"https:\/\/www.instagram.com\/dendemacedo\" class=\"wp-block-social-link-anchor\"><svg width=\"24\" height=\"24\" viewBox=\"0 0 24 24\" version=\"1.1\" xmlns=\"http:\/\/www.w3.org\/2000\/svg\" aria-hidden=\"true\" focusable=\"false\"><path d=\"M12,4.622c2.403,0,2.688,0.009,3.637,0.052c0.877,0.04,1.354,0.187,1.671,0.31c0.42,0.163,0.72,0.358,1.035,0.673 c0.315,0.315,0.51,0.615,0.673,1.035c0.123,0.317,0.27,0.794,0.31,1.671c0.043,0.949,0.052,1.234,0.052,3.637 s-0.009,2.688-0.052,3.637c-0.04,0.877-0.187,1.354-0.31,1.671c-0.163,0.42-0.358,0.72-0.673,1.035 c-0.315,0.315-0.615,0.51-1.035,0.673c-0.317,0.123-0.794,0.27-1.671,0.31c-0.949,0.043-1.233,0.052-3.637,0.052 s-2.688-0.009-3.637-0.052c-0.877-0.04-1.354-0.187-1.671-0.31c-0.42-0.163-0.72-0.358-1.035-0.673 c-0.315-0.315-0.51-0.615-0.673-1.035c-0.123-0.317-0.27-0.794-0.31-1.671C4.631,14.688,4.622,14.403,4.622,12 s0.009-2.688,0.052-3.637c0.04-0.877,0.187-1.354,0.31-1.671c0.163-0.42,0.358-0.72,0.673-1.035 c0.315-0.315,0.615-0.51,1.035-0.673c0.317-0.123,0.794-0.27,1.671-0.31C9.312,4.631,9.597,4.622,12,4.622 M12,3 C9.556,3,9.249,3.01,8.289,3.054C7.331,3.098,6.677,3.25,6.105,3.472C5.513,3.702,5.011,4.01,4.511,4.511 c-0.5,0.5-0.808,1.002-1.038,1.594C3.25,6.677,3.098,7.331,3.054,8.289C3.01,9.249,3,9.556,3,12c0,2.444,0.01,2.751,0.054,3.711 c0.044,0.958,0.196,1.612,0.418,2.185c0.23,0.592,0.538,1.094,1.038,1.594c0.5,0.5,1.002,0.808,1.594,1.038 c0.572,0.222,1.227,0.375,2.185,0.418C9.249,20.99,9.556,21,12,21s2.751-0.01,3.711-0.054c0.958-0.044,1.612-0.196,2.185-0.418 c0.592-0.23,1.094-0.538,1.594-1.038c0.5-0.5,0.808-1.002,1.038-1.594c0.222-0.572,0.375-1.227,0.418-2.185 C20.99,14.751,21,14.444,21,12s-0.01-2.751-0.054-3.711c-0.044-0.958-0.196-1.612-0.418-2.185c-0.23-0.592-0.538-1.094-1.038-1.594 c-0.5-0.5-1.002-0.808-1.594-1.038c-0.572-0.222-1.227-0.375-2.185-0.418C14.751,3.01,14.444,3,12,3L12,3z M12,7.378 c-2.552,0-4.622,2.069-4.622,4.622S9.448,16.622,12,16.622s4.622-2.069,4.622-4.622S14.552,7.378,12,7.378z M12,15 c-1.657,0-3-1.343-3-3s1.343-3,3-3s3,1.343,3,3S13.657,15,12,15z M16.804,6.116c-0.596,0-1.08,0.484-1.08,1.08 s0.484,1.08,1.08,1.08c0.596,0,1.08-0.484,1.08-1.08S17.401,6.116,16.804,6.116z\"><\/path><\/svg><span class=\"wp-block-social-link-label screen-reader-text\">Instagram<\/span><\/a><\/li>\n\n<li class=\"wp-social-link wp-social-link-linkedin  wp-block-social-link\"><a href=\"https:\/\/www.linkedin.com\/company\/mamadele-foundation\" class=\"wp-block-social-link-anchor\"><svg width=\"24\" height=\"24\" viewBox=\"0 0 24 24\" version=\"1.1\" xmlns=\"http:\/\/www.w3.org\/2000\/svg\" aria-hidden=\"true\" focusable=\"false\"><path d=\"M19.7,3H4.3C3.582,3,3,3.582,3,4.3v15.4C3,20.418,3.582,21,4.3,21h15.4c0.718,0,1.3-0.582,1.3-1.3V4.3 C21,3.582,20.418,3,19.7,3z M8.339,18.338H5.667v-8.59h2.672V18.338z M7.004,8.574c-0.857,0-1.549-0.694-1.549-1.548 c0-0.855,0.691-1.548,1.549-1.548c0.854,0,1.547,0.694,1.547,1.548C8.551,7.881,7.858,8.574,7.004,8.574z M18.339,18.338h-2.669 v-4.177c0-0.996-0.017-2.278-1.387-2.278c-1.389,0-1.601,1.086-1.601,2.206v4.249h-2.667v-8.59h2.559v1.174h0.037 c0.356-0.675,1.227-1.387,2.526-1.387c2.703,0,3.203,1.779,3.203,4.092V18.338z\"><\/path><\/svg><span class=\"wp-block-social-link-label screen-reader-text\">LinkedIn<\/span><\/a><\/li>\n\n<li class=\"wp-social-link wp-social-link-youtube  wp-block-social-link\"><a href=\"https:\/\/www.youtube.com\/channel\/UCKJhAGPGwvl7YoHOssL4jpA?view_as=subscriber\" class=\"wp-block-social-link-anchor\"><svg width=\"24\" height=\"24\" viewBox=\"0 0 24 24\" version=\"1.1\" xmlns=\"http:\/\/www.w3.org\/2000\/svg\" aria-hidden=\"true\" focusable=\"false\"><path d=\"M21.8,8.001c0,0-0.195-1.378-0.795-1.985c-0.76-0.797-1.613-0.801-2.004-0.847c-2.799-0.202-6.997-0.202-6.997-0.202 h-0.009c0,0-4.198,0-6.997,0.202C4.608,5.216,3.756,5.22,2.995,6.016C2.395,6.623,2.2,8.001,2.2,8.001S2,9.62,2,11.238v1.517 c0,1.618,0.2,3.237,0.2,3.237s0.195,1.378,0.795,1.985c0.761,0.797,1.76,0.771,2.205,0.855c1.6,0.153,6.8,0.201,6.8,0.201 s4.203-0.006,7.001-0.209c0.391-0.047,1.243-0.051,2.004-0.847c0.6-0.607,0.795-1.985,0.795-1.985s0.2-1.618,0.2-3.237v-1.517 C22,9.62,21.8,8.001,21.8,8.001z M9.935,14.594l-0.001-5.62l5.404,2.82L9.935,14.594z\"><\/path><\/svg><span class=\"wp-block-social-link-label screen-reader-text\">YouTube<\/span><\/a><\/li>\n\n<li class=\"wp-social-link wp-social-link-bandcamp  wp-block-social-link\"><a href=\"https:\/\/dende.bandcamp.com\/music\" class=\"wp-block-social-link-anchor\"><svg width=\"24\" height=\"24\" viewBox=\"0 0 24 24\" version=\"1.1\" xmlns=\"http:\/\/www.w3.org\/2000\/svg\" aria-hidden=\"true\" focusable=\"false\"><path d=\"M15.27 17.289 3 17.289 8.73 6.711 21 6.711 15.27 17.289\"><\/path><\/svg><span class=\"wp-block-social-link-label screen-reader-text\">Bandcamp<\/span><\/a><\/li><\/ul>\n\n\n\n<p><\/p>\n","protected":false},"excerpt":{"rendered":"<p>Our Mission Mamad\u00eal\u00ea Foundation is an organization that produces performances, classes, and trips that celebrate the arts and culture of Bahia, Brazil.&nbsp;Based in Philadelphia, we provide arts education programs throughout the tri-state area as well as performances around the globe. Latest News Performing Ensembles Educational Programs Ways to connect with Mamad\u00eal\u00ea<\/p>\n","protected":false},"author":1,"featured_media":0,"parent":0,"menu_order":0,"comment_status":"closed","ping_status":"closed","template":"","meta":{"footnotes":""},"class_list":["post-146","page","type-page","status-publish","hentry","cat_dendeband"],"jetpack_sharing_enabled":true,"_links":{"self":[{"href":"https:\/\/www.mamadele.com\/new\/wp-json\/wp\/v2\/pages\/146","targetHints":{"allow":["GET"]}}],"collection":[{"href":"https:\/\/www.mamadele.com\/new\/wp-json\/wp\/v2\/pages"}],"about":[{"href":"https:\/\/www.mamadele.com\/new\/wp-json\/wp\/v2\/types\/page"}],"author":[{"embeddable":true,"href":"https:\/\/www.mamadele.com\/new\/wp-json\/wp\/v2\/users\/1"}],"replies":[{"embeddable":true,"href":"https:\/\/www.mamadele.com\/new\/wp-json\/wp\/v2\/comments?post=146"}],"version-history":[{"count":34,"href":"https:\/\/www.mamadele.com\/new\/wp-json\/wp\/v2\/pages\/146\/revisions"}],"predecessor-version":[{"id":1296,"href":"https:\/\/www.mamadele.com\/new\/wp-json\/wp\/v2\/pages\/146\/revisions\/1296"}],"wp:attachment":[{"href":"https:\/\/www.mamadele.com\/new\/wp-json\/wp\/v2\/media?parent=146"}],"curies":[{"name":"wp","href":"https:\/\/api.w.org\/{rel}","templated":true}]}}