{"id":109,"date":"2020-11-18T17:22:01","date_gmt":"2020-11-18T17:22:01","guid":{"rendered":"https:\/\/www.mamadele.com\/new\/?page_id=109"},"modified":"2020-11-18T20:38:31","modified_gmt":"2020-11-18T20:38:31","slug":"artists","status":"publish","type":"page","link":"https:\/\/www.mamadele.com\/new\/artists\/","title":{"rendered":"Artist Roster"},"content":{"rendered":"\n<div class=\"wp-block-algori-image-video-slider-block-algori-image-video-slider dots-style-1-off-slide arrows-style-1-off-slide\" data-slick=\"{&quot;dots&quot;:true,&quot;arrows&quot;:true,&quot;autoplay&quot;:false,&quot;pauseOnFocus&quot;:false,&quot;rtl&quot;:false,&quot;vertical&quot;:false,&quot;fade&quot;:false,&quot;lazyLoad&quot;:false,&quot;centerMode&quot;:false,&quot;infinite&quot;:true,&quot;adaptiveHeight&quot;:true,&quot;speed&quot;:500,&quot;autoplaySpeed&quot;:3000,&quot;slidesToShow&quot;:1,&quot;slidesToScroll&quot;:1,&quot;rows&quot;:1,&quot;slidesPerRow&quot;:1}\"><div><figure class=\"algori-image-video-slider-slide-container\"><img decoding=\"async\" src=\"https:\/\/www.mamadele.com\/new\/wp-content\/uploads\/2020\/11\/DSC_0229-scaled.jpg\" alt=\"\"\/><\/figure><\/div><div><figure class=\"algori-image-video-slider-slide-container\"><img decoding=\"async\" src=\"https:\/\/www.mamadele.com\/new\/wp-content\/uploads\/2020\/11\/Big_Bang_Fest_SOBs_20.jpg\" alt=\"\"\/><\/figure><\/div><div><figure class=\"algori-image-video-slider-slide-container\"><img decoding=\"async\" src=\"https:\/\/www.mamadele.com\/new\/wp-content\/uploads\/2020\/11\/Arrastao-with-Cleonice-dancing.jpg\" alt=\"\"\/><\/figure><\/div><div><figure class=\"algori-image-video-slider-slide-container\"><img decoding=\"async\" src=\"https:\/\/www.mamadele.com\/new\/wp-content\/uploads\/2020\/11\/2014-07-14-YPCS-Ologunde_nlee-074-web.jpg\" alt=\"\"\/><\/figure><\/div><\/div>\n\n\n\n<p>Led by master percussionist Dend\u00ea, all of our performance groups provide the best there is to offer in Afro-Brazilian music, dance and martial arts. See the Artists tab above for further information. Video on each of the groups is available on our Youtube Channel and on the individual artist pages at Dend\u00ea &amp; Band, Ologund\u00ea, Arrast\u00e3o and Samba de Tr\u00eas.<\/p>\n\n\n\n<figure class=\"wp-block-embed-youtube wp-block-embed is-type-video is-provider-youtube wp-embed-aspect-16-9 wp-has-aspect-ratio\"><div class=\"wp-block-embed__wrapper\">\n<div class=\"jetpack-video-wrapper\"><iframe title=\"Mamad\u00eal\u00ea Foundation Sampler\" width=\"1140\" height=\"641\" src=\"https:\/\/www.youtube.com\/embed\/videoseries?list=PL4o3MMblGHRmskn6ktyT5uRm1e-E15TxK\" frameborder=\"0\" allow=\"accelerometer; autoplay; clipboard-write; encrypted-media; gyroscope; picture-in-picture\" allowfullscreen><\/iframe><\/div>\n<\/div><\/figure>\n\n\n\n<div class=\"wp-block-group alignwide is-layout-flow wp-block-group-is-layout-flow\"><div class=\"wp-block-group__inner-container\"><\/div><\/div>\n\n\n\n<div class=\"wp-block-group is-layout-flow wp-block-group-is-layout-flow\"><div class=\"wp-block-group__inner-container\"><\/div><\/div>\n\n\n\n<div class=\"wp-block-group is-layout-flow wp-block-group-is-layout-flow\"><div class=\"wp-block-group__inner-container\"><\/div><\/div>\n","protected":false},"excerpt":{"rendered":"<p>Led by master percussionist Dend\u00ea, all of our performance groups provide the best there is to offer in Afro-Brazilian music, dance and martial arts. See the Artists tab above for further information. Video on each of the groups is available on our Youtube Channel and on the individual artist pages at Dend\u00ea &amp; Band, Ologund\u00ea,&nbsp;<a class=\"read-more\" href=\"https:\/\/www.mamadele.com\/new\/artists\/\">Continue reading<\/a><\/p>\n","protected":false},"author":1,"featured_media":0,"parent":0,"menu_order":0,"comment_status":"closed","ping_status":"closed","template":"","meta":{"footnotes":""},"class_list":["post-109","page","type-page","status-publish"],"jetpack_sharing_enabled":true,"_links":{"self":[{"href":"https:\/\/www.mamadele.com\/new\/wp-json\/wp\/v2\/pages\/109","targetHints":{"allow":["GET"]}}],"collection":[{"href":"https:\/\/www.mamadele.com\/new\/wp-json\/wp\/v2\/pages"}],"about":[{"href":"https:\/\/www.mamadele.com\/new\/wp-json\/wp\/v2\/types\/page"}],"author":[{"embeddable":true,"href":"https:\/\/www.mamadele.com\/new\/wp-json\/wp\/v2\/users\/1"}],"replies":[{"embeddable":true,"href":"https:\/\/www.mamadele.com\/new\/wp-json\/wp\/v2\/comments?post=109"}],"version-history":[{"count":6,"href":"https:\/\/www.mamadele.com\/new\/wp-json\/wp\/v2\/pages\/109\/revisions"}],"predecessor-version":[{"id":242,"href":"https:\/\/www.mamadele.com\/new\/wp-json\/wp\/v2\/pages\/109\/revisions\/242"}],"wp:attachment":[{"href":"https:\/\/www.mamadele.com\/new\/wp-json\/wp\/v2\/media?parent=109"}],"curies":[{"name":"wp","href":"https:\/\/api.w.org\/{rel}","templated":true}]}}